{"id":368,"date":"2016-03-05T14:05:07","date_gmt":"2016-03-05T14:05:07","guid":{"rendered":"http:\/\/www.greektheatrecritics.gr\/?page_id=368"},"modified":"2016-04-18T13:29:53","modified_gmt":"2016-04-18T13:29:53","slug":"english-%ce%b4%ce%b7%cf%8e-%ce%ba%ce%b1%ce%b3%ce%b3%ce%b5%ce%bb%ce%ac%cf%81%ce%b7","status":"publish","type":"page","link":"https:\/\/www.greektheatrecritics.gr\/?page_id=368","title":{"rendered":"\u0394\u03b7\u03ce \u039a\u03b1\u03b3\u03b3\u03b5\u03bb\u03ac\u03c1\u03b7"},"content":{"rendered":"<p>&nbsp;<\/p>\n<p class=\"p1\"><span class=\"s1\"><a href=\"http:\/\/www.greektheatrecritics.gr\/wp-content\/uploads\/2016\/03\/photo-Dio-1.bmp\"><img decoding=\"async\" loading=\"lazy\" class=\"size-full wp-image-523 alignleft\" src=\"http:\/\/www.greektheatrecritics.gr\/wp-content\/uploads\/2016\/03\/photo-Dio-1.bmp\" alt=\"photo Dio\" width=\"271\" height=\"4294966977\" \/><\/a>H<b> <\/b>\u0394\u03b7\u03ce \u039a\u03b1\u03b3\u03b3\u03b5\u03bb\u03ac\u03c1\u03b7 \u03b5\u03af\u03bd\u03b1\u03b9 \u03b8\u03b5\u03b1\u03c4\u03c1\u03bf\u03bb\u03cc\u03b3\u03bf\u03c2, \u03b5\u03c0\u03af\u03ba\u03bf\u03c5\u03c1\u03b7 \u03ba\u03b1\u03b8\u03b7\u03b3\u03ae\u03c4\u03c1\u03b9\u03b1 \u03c3\u03c4\u03bf \u03a4\u03bc\u03ae\u03bc\u03b1 \u0398\u03b5\u03ac\u03c4\u03c1\u03bf\u03c5 \u03c4\u03b7\u03c2 \u03a3\u03c7\u03bf\u03bb\u03ae\u03c2 \u039a\u03b1\u03bb\u03ce\u03bd \u03a4\u03b5\u03c7\u03bd\u03ce\u03bd \u03c4\u03bf\u03c5 \u0391\u03a0\u0398.\u00a0<\/span><\/p>\n<p class=\"p2\"><span class=\"s1\">\u03a3\u03c0\u03bf\u03cd\u03b4\u03b1\u03c3\u03b5 \u03b8\u03b5\u03b1\u03c4\u03c1\u03bf\u03bb\u03bf\u03b3\u03af\u03b1 \u03c3\u03c4\u03bf \u03a4\u03bc\u03ae\u03bc\u03b1 \u0398\u03b5\u03b1\u03c4\u03c1\u03b9\u03ba\u03ce\u03bd \u03a3\u03c0\u03bf\u03c5\u03b4\u03ce\u03bd \u03c4\u03bf\u03c5 \u03a0\u03b1\u03bd\u03b5\u03c0\u03b9\u03c3\u03c4\u03b7\u03bc\u03af\u03bf\u03c5 \u0399\u0399\u0399 \u03c4\u03bf\u03c5 \u03a0\u03b1\u03c1\u03b9\u03c3\u03b9\u03bf\u03cd, \u039d\u03ad\u03b1 \u03a3\u03bf\u03c1\u03b2\u03cc\u03bd\u03bd\u03b7. \u0391\u03bd\u03b1\u03b3\u03bf\u03c1\u03b5\u03cd\u03c4\u03b7\u03ba\u03b5 \u03b4\u03b9\u03b4\u03ac\u03ba\u03c4\u03c9\u03c1 \u03c3\u03c4\u03bf \u03a4\u03bc\u03ae\u03bc\u03b1 \u03a6\u03b9\u03bb\u03bf\u03bb\u03bf\u03b3\u03af\u03b1\u03c2 \u03c4\u03b7\u03c2 \u03a6\u03b9\u03bb\u03bf\u03c3\u03bf\u03c6\u03b9\u03ba\u03ae\u03c2 \u03a3\u03c7\u03bf\u03bb\u03ae\u03c2 \u03c4\u03bf\u03c5 \u0391\u03a0\u0398 \u03c4\u03bf 2004, \u03bc\u03b5 \u03c4\u03af\u03c4\u03bb\u03bf \u03b4\u03b9\u03b4\u03b1\u03ba\u03c4\u03bf\u03c1\u03b9\u03ba\u03ae\u03c2 \u03b4\u03b9\u03b1\u03c4\u03c1\u03b9\u03b2\u03ae\u03c2 \u00ab\u0395\u03bb\u03bb\u03b7\u03bd\u03b9\u03ba\u03ae \u03a3\u03ba\u03b7\u03bd\u03ae \u03ba\u03b1\u03b9 \u0398\u03ad\u03b1\u03c4\u03c1\u03bf \u03c4\u03b7\u03c2 \u0399\u03c3\u03c4\u03bf\u03c1\u03af\u03b1\u03c2. 1936-1944. \u039f\u03b9 \u03b8\u03b5\u03c3\u03bc\u03bf\u03af \u03ba\u03b1\u03b9<i> <\/i>\u03bf\u03b9 \u03bc\u03bf\u03c1\u03c6\u03ad\u03c2\u00bb.<\/span><\/p>\n<p class=\"p1\"><span class=\"s1\">\u03a3\u03c4\u03b1 \u03b5\u03c1\u03b5\u03c5\u03bd\u03b7\u03c4\u03b9\u03ba\u03ac \u03c4\u03b7\u03c2 \u03b5\u03bd\u03b4\u03b9\u03b1\u03c6\u03ad\u03c1\u03bf\u03bd\u03c4\u03b1 \u03c3\u03c5\u03b3\u03ba\u03b1\u03c4\u03b1\u03bb\u03ad\u03b3\u03bf\u03bd\u03c4\u03b1\u03b9 \u03bf\u03b9 \u03cc\u03c1\u03bf\u03b9 \u03c4\u03bf\u03c5 \u03bc\u03bf\u03bd\u03c4\u03ad\u03c1\u03bd\u03bf\u03c5 \u03c3\u03c4o \u03b8\u03ad\u03b1\u03c4\u03c1\u03bf, \u03b7 \u03c3\u03ba\u03b7\u03bd\u03b9\u03ba\u03ae \u03b5\u03c1\u03bc\u03b7\u03bd\u03b5\u03af\u03b1 \u03c4\u03bf\u03c5 \u03b1\u03c1\u03c7\u03b1\u03af\u03bf\u03c5 \u03b4\u03c1\u03ac\u03bc\u03b1\u03c4\u03bf\u03c2, \u03bf \u03b4\u03b9\u03ac\u03bb\u03bf\u03b3\u03bf\u03c2 \u03bc\u03b5\u03c4\u03b1\u03be\u03cd<span class=\"Apple-converted-space\">\u00a0 <\/span>\u03b5\u03bb\u03bb\u03b7\u03bd\u03b9\u03ba\u03ae\u03c2 \u03ba\u03b1\u03b9 \u03b5\u03c5\u03c1\u03c9\u03c0\u03b1\u03ca\u03ba\u03ae\u03c2 \u03c3\u03ba\u03b7\u03bd\u03ae\u03c2, \u03b7 \u03c3\u03cd\u03b3\u03c7\u03c1\u03bf\u03bd\u03b7 \u03c3\u03ba\u03b7\u03bd\u03b9\u03ba\u03ae \u03c0\u03c1\u03ac\u03be\u03b7, \u03c4\u03bf \u03b8\u03ad\u03b1\u03c4\u03c1\u03bf \u03b3\u03b9\u03b1 \u03c0\u03b1\u03b9\u03b4\u03b9\u03ac \u03ba\u03b1\u03b9 \u03b5\u03c6\u03ae\u03b2\u03bf\u03c5\u03c2. \u0388\u03c7\u03b5\u03b9 \u03b4\u03b7\u03bc\u03bf\u03c3\u03b9\u03b5\u03cd\u03c3\u03b5\u03b9 \u03bc\u03b5\u03bb\u03ad\u03c4\u03b5\u03c2 \u03c3\u03c4\u03b7\u03bd \u0395\u03bb\u03bb\u03ac\u03b4\u03b1 \u03ba\u03b1\u03b9 \u03c3\u03c4\u03b7 \u0393\u03b1\u03bb\u03bb\u03af\u03b1 \u03ba\u03b1\u03b9 \u03bc\u03b5\u03c4\u03b1\u03c6\u03c1\u03ac\u03c3\u03b5\u03b9\u03c2 \u03b1\u03c0\u03cc \u03c4\u03b1 \u03b3\u03b1\u03bb\u03bb\u03b9\u03ba\u03ac \u03ba\u03b1\u03b9 \u03ad\u03c7\u03b5\u03b9 \u03b5\u03c0\u03b9\u03bc\u03b5\u03bb\u03b7\u03b8\u03b5\u03af \u03b8\u03b5\u03b1\u03c4\u03c1\u03bf\u03bb\u03bf\u03b3\u03b9\u03ba\u03ad\u03c2 \u03b5\u03ba\u03b4\u03cc\u03c3\u03b5\u03b9\u03c2.<span class=\"Apple-converted-space\">\u00a0 <\/span>\u0388\u03c7\u03b5\u03b9 \u03b5\u03c0\u03af\u03c3\u03b7\u03c2 \u03c4\u03b1\u03ba\u03c4\u03b9\u03ba\u03ad\u03c2 \u03c3\u03c5\u03bc\u03bc\u03b5\u03c4\u03bf\u03c7\u03ad\u03c2 \u03bc\u03b5 \u03b1\u03bd\u03b1\u03ba\u03bf\u03b9\u03bd\u03ce\u03c3\u03b5\u03b9\u03c2 \u03c3\u03b5 \u03b8\u03b5\u03b1\u03c4\u03c1\u03bf\u03bb\u03bf\u03b3\u03b9\u03ba\u03ac \u03c3\u03c5\u03bd\u03ad\u03b4\u03c1\u03b9\u03b1 \u03ba\u03b1\u03b9 \u03ad\u03c7\u03b5\u03b9 \u03c3\u03c5\u03bc\u03bc\u03b5\u03c4\u03ac\u03c3\u03c7\u03b5\u03b9 \u03c3\u03b5 \u03b5\u03c5\u03c1\u03c9\u03c0\u03b1\u03ca\u03ba\u03ac \u03b4\u03b9\u03b1\u03ba\u03c1\u03b1\u03c4\u03b9\u03ba\u03ac \u03c0\u03c1\u03bf\u03b3\u03c1\u03ac\u03bc\u03bc\u03b1\u03c4\u03b1 \u03ba\u03b1\u03b9 \u03b5\u03c1\u03b5\u03c5\u03bd\u03b7\u03c4\u03b9\u03ba\u03ad\u03c2 \u03bf\u03bc\u03ac\u03b4\u03b5\u03c2.\u00a0<\/span><\/p>\n<p class=\"p1\"><span class=\"s1\">\u0397 \u03b5\u03c0\u03b1\u03b3\u03b3\u03b5\u03bb\u03bc\u03b1\u03c4\u03b9\u03ba\u03ae \u03b5\u03bd\u03b1\u03c3\u03c7\u03cc\u03bb\u03b7\u03c3\u03b7 \u03c4\u03b7\u03c2 \u03bc\u03b5 \u03c4\u03b7 \u03b8\u03b5\u03b1\u03c4\u03c1\u03b9\u03ba\u03ae \u03ba\u03c1\u03b9\u03c4\u03b9\u03ba\u03ae \u03be\u03b5\u03ba\u03af\u03bd\u03b7\u03c3\u03b5 \u03b1\u03c0\u03cc \u03c4\u03b7\u03bd \u03b5\u03c6\u03b7\u03bc\u03b5\u03c1\u03af\u03b4\u03b1 <i>\u0397 \u0395\u03c0\u03bf\u03c7\u03ae<\/i> (1988-1990) \u03ba\u03b1\u03b9 \u03c3\u03c5\u03bd\u03b5\u03c7\u03af\u03c3\u03c4\u03b7\u03ba\u03b5 \u03c3\u03c4\u03bf <i>\u0388\u03b8\u03bd\u03bf\u03c2<\/i> (1990-1993). \u0388\u03ba\u03c4\u03bf\u03c4\u03b5 \u03ba\u03c1\u03b9\u03c4\u03b9\u03ba\u03ad\u03c2 \u03b8\u03b5\u03ac\u03c4\u03c1\u03bf\u03c5, \u03b5\u03c0\u03b9\u03c6\u03c5\u03bb\u03bb\u03af\u03b4\u03b5\u03c2, \u03ac\u03c1\u03b8\u03c1\u03b1, \u03c3\u03c5\u03bd\u03b5\u03bd\u03c4\u03b5\u03cd\u03be\u03b5\u03b9\u03c2, \u03b2\u03b9\u03b2\u03bb\u03b9\u03bf\u03ba\u03c1\u03b9\u03c3\u03af\u03b5\u03c2, \u03b1\u03c6\u03b9\u03b5\u03c1\u03ce\u03bc\u03b1\u03c4\u03b1 \u03ba\u03b1\u03b9 \u03ba\u03c1\u03b9\u03c4\u03b9\u03ba\u03ad\u03c2 \u03b1\u03c0\u03bf\u03c4\u03b9\u03bc\u03ae\u03c3\u03b5\u03b9\u03c2 \u03ad\u03c7\u03bf\u03c5\u03bd \u03b4\u03b7\u03bc\u03bf\u03c3\u03b9\u03b5\u03c5\u03c4\u03b5\u03af, \u03bc\u03b5\u03c4\u03b1\u03be\u03cd \u03ac\u03bb\u03bb\u03c9\u03bd, \u03c3\u03c4\u03b9\u03c2 \u03b5\u03c6\u03b7\u03bc\u03b5\u03c1\u03af\u03b4\u03b5\u03c2 <i>\u0397 \u0391\u03c5\u03b3\u03ae \/ \u0395\u03bd\u03b8\u03ad\u03bc\u03b1\u03c4\u03b1<\/i>,<i> \u0397 \u039a\u03b1\u03b8\u03b7\u03bc\u03b5\u03c1\u03b9\u03bd\u03ae \/ \u0395\u03c0\u03c4\u03ac \u0397\u03bc\u03ad\u03c1\u03b5\u03c2<\/i>,<i> \u0395\u03bb\u03b5\u03c5\u03b8\u03b5\u03c1\u03bf\u03c4\u03c5\u03c0\u03af\u03b1 \/ \u0392\u03b9\u03b2\u03bb\u03b9\u03bf\u03b8\u03ae\u03ba\u03b7<\/i>, <i>\u0397\u03bc\u03b5\u03c1\u03b7\u03c3\u03af\u03b1<\/i>, <i>\u03a4\u03b1 \u039d\u03ad\u03b1<\/i>, \u03ba\u03b1\u03b9 \u03c3\u03c4\u03b1 \u03c0\u03b5\u03c1\u03b9\u03bf\u03b4\u03b9\u03ba\u03ac <i>\u039f \u03a0\u03bf\u03bb\u03af\u03c4\u03b7\u03c2<\/i>, <i>\u0391\u03bd\u03c4\u03af<\/i>, <i>\u039d\u03ad\u03b1 \u0395\u03c3\u03c4\u03af\u03b1<\/i>, \u03ba\u03b1\u03b8\u03ce\u03c2 \u03ba\u03b1\u03b9 \u03c3\u03c4\u03b1 \u03be\u03b5\u03bd\u03cc\u03b3\u03bb\u03c9\u03c3\u03c3\u03b1 \u03ad\u03bd\u03c4\u03c5\u03c0\u03b1 <i>Alternatives<\/i> <i>Th\u00e9\u00e2trales<\/i>, <i>Forum du Th\u00e9\u00e2tre Europ\u00e9en<\/i>, <i>Ubu. <\/i> <\/span><\/p>\n<p class=\"p1\"><span class=\"s1\">\u03a0\u03b1\u03c1\u03ac\u03bb\u03bb\u03b7\u03bb\u03b1 \u03bc\u03b5 \u03ac\u03bb\u03bb\u03b5\u03c2 \u03b8\u03b5\u03b1\u03c4\u03c1\u03bf\u03bb\u03bf\u03b3\u03b9\u03ba\u03ad\u03c2 \u03b4\u03c1\u03ac\u03c3\u03b5\u03b9\u03c2, \u03c5\u03c0\u03ae\u03c1\u03be\u03b5 \u03b5\u03c0\u03b9\u03bc\u03b5\u03bb\u03ae\u03c4\u03c1\u03b9\u03b1 \u03ba\u03b1\u03b9 \u03c0\u03b1\u03c1\u03bf\u03c5\u03c3\u03b9\u03ac\u03c3\u03c4\u03c1\u03b9\u03b1 \u03c4\u03b7\u03bb\u03b5\u03bf\u03c0\u03c4\u03b9\u03ba\u03ae\u03c2 \u03c3\u03b5\u03b9\u03c1\u03ac\u03c2 \u03b8\u03b5\u03bc\u03b1\u03c4\u03b9\u03ba\u03ce\u03bd \u03b5\u03c0\u03b5\u03b9\u03c3\u03bf\u03b4\u03af\u03c9\u03bd \u03b3\u03b9\u03b1 \u03c4\u03bf \u03c3\u03cd\u03b3\u03c7\u03c1\u03bf\u03bd\u03bf \u03b8\u03ad\u03b1\u03c4\u03c1\u03bf \u03c5\u03c0\u03cc \u03c4\u03bf\u03bd \u03c4\u03af\u03c4\u03bb\u03bf \u00ab\u0398\u03b5\u03c9\u03c1\u03b5\u03af\u03bf\u00bb, \u03ba\u03b1\u03b9 \u03b8\u03b5\u03b1\u03c4\u03c1\u03bf\u03bb\u03bf\u03b3\u03b9\u03ba\u03ce\u03bd \u03c1\u03b1\u03b4\u03b9\u03bf\u03c6\u03c9\u03bd\u03b9\u03ba\u03ce\u03bd \u03b5\u03ba\u03c0\u03bf\u03bc\u03c0\u03ce\u03bd, \u03ba\u03b1\u03b8\u03ce\u03c2 \u03ba\u03b1\u03b9 \u03b5\u03c0\u03b9\u03bc\u03b5\u03bb\u03ae\u03c4\u03c1\u03b9\u03b1 \u03b5\u03ba\u03b8\u03ad\u03c3\u03b5\u03c9\u03bd \u03b8\u03b5\u03b1\u03c4\u03c1\u03b9\u03ba\u03ce\u03bd \u03ba\u03bf\u03c3\u03c4\u03bf\u03c5\u03bc\u03b9\u03ce\u03bd \u03c4\u03c9\u03bd \u0395\u03c0\u03b9\u03b4\u03b1\u03c5\u03c1\u03af\u03c9\u03bd. \u0391\u03c0\u03cc \u03c4\u03bf 2005 \u03c3\u03c5\u03bc\u03bc\u03b5\u03c4\u03ad\u03c7\u03b5\u03b9 \u03c9\u03c2 \u03b5\u03c0\u03b9\u03bc\u03b5\u03bb\u03ae\u03c4\u03c1\u03b9\u03b1 \u03c3\u03ba\u03b7\u03bd\u03bf\u03b3\u03c1\u03b1\u03c6\u03b9\u03ba\u03ce\u03bd \u03ba\u03b1\u03b9 \u03b5\u03bd\u03b4\u03c5\u03bc\u03b1\u03c4\u03bf\u03bb\u03bf\u03b3\u03b9\u03ba\u03ce\u03bd \u03ad\u03c1\u03b3\u03c9\u03bd \u03c3\u03c4\u03b7\u03bd \u03b5\u03c4\u03ae\u03c3\u03b9\u03b1 \u03bf\u03bc\u03b1\u03b4\u03b9\u03ba\u03ae \u0388\u03ba\u03b8\u03b5\u03c3\u03b7 \u03a3\u03cd\u03b3\u03c7\u03c1\u03bf\u03bd\u03b7\u03c2 \u03a4\u03ad\u03c7\u03bd\u03b7\u03c2 \u03b3\u03b9\u03b1 \u03bd\u03ad\u03bf\u03c5\u03c2 \u03ba\u03b1\u03bb\u03bb\u03b9\u03c4\u03ad\u03c7\u03bd\u03b5\u03c2 <i>Rooms<\/i>. <\/span><\/p>\n<p class=\"p1\"><span class=\"s1\">\u03a4\u03b7\u03bd \u03c4\u03b5\u03bb\u03b5\u03c5\u03c4\u03b1\u03af\u03b1 \u03b4\u03b5\u03ba\u03b1\u03b5\u03c4\u03af\u03b1 (2006-2015) \u03b4\u03b9\u03b5\u03c4\u03ad\u03bb\u03b5\u03c3\u03b5 \u03c3\u03cd\u03bc\u03b2\u03bf\u03c5\u03bb\u03bf\u03c2 \u03ba\u03b1\u03bb\u03bb\u03b9\u03c4\u03b5\u03c7\u03bd\u03b9\u03ba\u03bf\u03cd \u03c0\u03c1\u03bf\u03b3\u03c1\u03b1\u03bc\u03bc\u03b1\u03c4\u03b9\u03c3\u03bc\u03bf\u03cd \u03c3\u03c4\u03bf \u0395\u03bb\u03bb\u03b7\u03bd\u03b9\u03ba\u03cc \u03a6\u03b5\u03c3\u03c4\u03b9\u03b2\u03ac\u03bb (\u0391\u03b8\u03b7\u03bd\u03ce\u03bd \u03ba\u03b1\u03b9 \u0395\u03c0\u03b9\u03b4\u03b1\u03cd\u03c1\u03bf\u03c5). <\/span><\/p>\n<p class=\"p1\"><span class=\"s1\">\u03a3\u03c4\u03b9\u03c2 \u03b4\u03c1\u03b1\u03c3\u03c4\u03b7\u03c1\u03b9\u03cc\u03c4\u03b7\u03c4\u03ad\u03c2 \u03c4\u03b7\u03c2<span class=\"Apple-converted-space\">\u00a0 <\/span>\u03c0\u03b5\u03c1\u03b9\u03bb\u03b1\u03bc\u03b2\u03ac\u03bd\u03bf\u03bd\u03c4\u03b1\u03b9 \u03b4\u03b7\u03bc\u03cc\u03c3\u03b9\u03b5\u03c2 \u03bf\u03bc\u03b9\u03bb\u03af\u03b5\u03c2 \u03ba\u03b1\u03b9 \u03c0\u03b1\u03c1\u03b5\u03bc\u03b2\u03ac\u03c3\u03b5\u03b9\u03c2, \u03cc\u03c0\u03c9\u03c2 \u03b7 \u03bf\u03bc\u03b9\u03bb\u03af\u03b1 \u03c3\u03b5 \u03b7\u03bc\u03b5\u03c1\u03af\u03b4\u03b1 \u03b3\u03b9\u03b1 \u03c4\u03bf \u03c3\u03cd\u03b3\u03c7\u03c1\u03bf\u03bd\u03bf \u03b5\u03bb\u03bb\u03b7\u03bd\u03b9\u03ba\u03cc \u03b8\u03ad\u03b1\u03c4\u03c1\u03bf \u03ba\u03b1\u03b9 \u03c4\u03b7\u03bd \u03ba\u03c1\u03af\u03c3\u03b7 \u03c3\u03c4\u03bf Th\u00e9\u00e2tre St-Gervais \u03c3\u03c4\u03b7 \u0393\u03b5\u03bd\u03b5\u03cd\u03b7 \u03c4\u03bf 2012, \u03bc\u03b5 \u03c4\u03af\u03c4\u03bb\u03bf \u00abEt la Gr\u00e8ce? Etat des lieux du th\u00e8\u00e2tre dans un pays en crise\u00bb, \u03ba\u03b1\u03b9 \u03b7 \u03c3\u03c5\u03bc\u03bc\u03b5\u03c4\u03bf\u03c7\u03ae \u03c4\u03b7\u03c2 \u03c3\u03c4\u03b7 \u03b4\u03b9\u03bf\u03c1\u03b3\u03ac\u03bd\u03c9\u03c3\u03b7 \u03b1\u03c6\u03b9\u03b5\u03c1\u03ce\u03bc\u03b1\u03c4\u03bf\u03c2 \u03b3\u03b9\u03b1 \u03c4\u03b7 \u03c3\u03cd\u03b3\u03c7\u03c1\u03bf\u03bd\u03b7 \u03b5\u03bb\u03bb\u03b7\u03bd\u03b9\u03ba\u03ae \u03c3\u03ba\u03b7\u03bd\u03ae \u03c3\u03c4\u03bf \u03af\u03b4\u03b9\u03bf \u03b8\u03ad\u03b1\u03c4\u03c1\u03bf \u03c4\u03bf\u03bd \u03b5\u03c0\u03cc\u03bc\u03b5\u03bd\u03bf \u03c7\u03c1\u03cc\u03bd\u03bf.<\/span><\/p>\n<p class=\"p1\"><span class=\"s1\">\u03a5\u03c0\u03ae\u03c1\u03be\u03b5 \u03b5\u03c0\u03af\u03c3\u03b7\u03c2<span class=\"Apple-converted-space\">\u00a0 <\/span>\u03b9\u03b4\u03c1\u03c5\u03c4\u03b9\u03ba\u03cc \u03bc\u03ad\u03bb\u03bf\u03c2 \u03c4\u03bf\u03c5<span class=\"Apple-converted-space\">\u00a0 <\/span>\u0395\u03bb\u03bb\u03b7\u03bd\u03b9\u03ba\u03bf\u03cd \u039a\u03ad\u03bd\u03c4\u03c1\u03bf\u03c5<span class=\"Apple-converted-space\">\u00a0 <\/span>\u0398\u03b5\u03ac\u03c4\u03c1\u03bf\u03c5 \u03b3\u03b9\u03b1 \u03c4\u03b1 \u03a0\u03b1\u03b9\u03b4\u03b9\u03ac \u03ba\u03b1\u03b9 \u03c4\u03bf\u03c5\u03c2<span class=\"Apple-converted-space\">\u00a0 <\/span>\u039d\u03ad\u03bf\u03c5\u03c2 (\u03c0\u03b1\u03c1\u03ac\u03c1\u03c4\u03b7\u03bc\u03b1 \u03c4\u03b7\u03c2 ASSITEJ), \u03ba\u03b1\u03b9 \u03bc\u03ad\u03bb\u03bf\u03c2 \u03b3\u03bd\u03c9\u03bc\u03bf\u03b4\u03bf\u03c4\u03b9\u03ba\u03ce\u03bd \u03b5\u03c0\u03b9\u03c4\u03c1\u03bf\u03c0\u03ce\u03bd<span class=\"Apple-converted-space\">\u00a0 <\/span>\u03c4\u03bf\u03c5 \u03a5\u03a0\u03a0\u039f. \u0395\u03af\u03bd\u03b1\u03b9 \u03bc\u03ad\u03bb\u03bf\u03c2 \u03c4\u03b7\u03c2 \u03ba\u03c1\u03b9\u03c4\u03b9\u03ba\u03ae\u03c2 \u03b5\u03c0\u03b9\u03c4\u03c1\u03bf\u03c0\u03ae\u03c2 \u03c4\u03bf\u03c5 \u00ab\u0398\u03b5\u03b1\u03c4\u03c1\u03b9\u03ba\u03bf\u03cd \u0392\u03c1\u03b1\u03b2\u03b5\u03af\u03bf\u03c5 \u039c\u03b5\u03bb\u03af\u03bd\u03b1 \u039c\u03b5\u03c1\u03ba\u03bf\u03cd\u03c1\u03b7\u00bb \u03c0\u03bf\u03c5 \u03b1\u03c0\u03bf\u03bd\u03ad\u03bc\u03b5\u03c4\u03b1\u03b9 \u03b5\u03c4\u03b7\u03c3\u03af\u03c9\u03c2 \u03c3\u03c4\u03b7\u03bd \u03ba\u03b1\u03bb\u03cd\u03c4\u03b5\u03c1\u03b7 \u03b5\u03c1\u03bc\u03b7\u03bd\u03b5\u03af\u03b1 \u03bd\u03ad\u03b1\u03c2 \u03b7\u03b8\u03bf\u03c0\u03bf\u03b9\u03bf\u03cd. \u0395\u03af\u03bd\u03b1\u03b9 \u03b9\u03b4\u03c1\u03c5\u03c4\u03b9\u03ba\u03cc \u03bc\u03ad\u03bb\u03bf\u03c2 \u03c4\u03b7\u03c2 E\u03bb\u03bb\u03b7\u03bd\u03b9\u03ba\u03ae\u03c2 \u0388\u03bd\u03c9\u03c3\u03b7\u03c2 \u039a\u03c1\u03b9\u03c4\u03b9\u03ba\u03ce\u03bd \u0398\u03b5\u03ac\u03c4\u03c1\u03bf\u03c5 \u03ba\u03b1\u03b9 \u03a0\u03b1\u03c1\u03b1\u03c3\u03c4\u03b1\u03c4\u03b9\u03ba\u03ce\u03bd<span class=\"Apple-converted-space\">\u00a0 <\/span>\u03a4\u03b5\u03c7\u03bd\u03ce\u03bd.<\/span><\/p>\n<p><\/p>","protected":false},"excerpt":{"rendered":"<p>&nbsp; H \u0394\u03b7\u03ce \u039a\u03b1\u03b3\u03b3\u03b5\u03bb\u03ac\u03c1\u03b7 \u03b5\u03af\u03bd\u03b1\u03b9 \u03b8\u03b5\u03b1\u03c4\u03c1\u03bf\u03bb\u03cc\u03b3\u03bf\u03c2, \u03b5\u03c0\u03af\u03ba\u03bf\u03c5\u03c1\u03b7 \u03ba\u03b1\u03b8\u03b7\u03b3\u03ae\u03c4\u03c1\u03b9\u03b1 \u03c3\u03c4\u03bf \u03a4\u03bc\u03ae\u03bc\u03b1 \u0398\u03b5\u03ac\u03c4\u03c1\u03bf\u03c5 \u03c4\u03b7\u03c2 \u03a3\u03c7\u03bf\u03bb\u03ae\u03c2 \u039a\u03b1\u03bb\u03ce\u03bd \u03a4\u03b5\u03c7\u03bd\u03ce\u03bd \u03c4\u03bf\u03c5 \u0391\u03a0\u0398.\u00a0 \u03a3\u03c0\u03bf\u03cd\u03b4\u03b1\u03c3\u03b5 \u03b8\u03b5\u03b1\u03c4\u03c1\u03bf\u03bb\u03bf\u03b3\u03af\u03b1 \u03c3\u03c4\u03bf \u03a4\u03bc\u03ae\u03bc\u03b1 \u0398\u03b5\u03b1\u03c4\u03c1\u03b9\u03ba\u03ce\u03bd \u03a3\u03c0\u03bf\u03c5\u03b4\u03ce\u03bd \u03c4\u03bf\u03c5 \u03a0\u03b1\u03bd\u03b5\u03c0\u03b9\u03c3\u03c4\u03b7\u03bc\u03af\u03bf\u03c5 \u0399\u0399\u0399 \u03c4\u03bf\u03c5 \u03a0\u03b1\u03c1\u03b9\u03c3\u03b9\u03bf\u03cd, \u039d\u03ad\u03b1 \u03a3\u03bf\u03c1\u03b2\u03cc\u03bd\u03bd\u03b7. [&hellip;]<\/p>\n","protected":false},"author":2,"featured_media":0,"parent":0,"menu_order":0,"comment_status":"closed","ping_status":"closed","template":"page_fullwidth.php","meta":[],"_links":{"self":[{"href":"https:\/\/www.greektheatrecritics.gr\/index.php?rest_route=\/wp\/v2\/pages\/368"}],"collection":[{"href":"https:\/\/www.greektheatrecritics.gr\/index.php?rest_route=\/wp\/v2\/pages"}],"about":[{"href":"https:\/\/www.greektheatrecritics.gr\/index.php?rest_route=\/wp\/v2\/types\/page"}],"author":[{"embeddable":true,"href":"https:\/\/www.greektheatrecritics.gr\/index.php?rest_route=\/wp\/v2\/users\/2"}],"replies":[{"embeddable":true,"href":"https:\/\/www.greektheatrecritics.gr\/index.php?rest_route=%2Fwp%2Fv2%2Fcomments&post=368"}],"version-history":[{"count":8,"href":"https:\/\/www.greektheatrecritics.gr\/index.php?rest_route=\/wp\/v2\/pages\/368\/revisions"}],"predecessor-version":[{"id":524,"href":"https:\/\/www.greektheatrecritics.gr\/index.php?rest_route=\/wp\/v2\/pages\/368\/revisions\/524"}],"wp:attachment":[{"href":"https:\/\/www.greektheatrecritics.gr\/index.php?rest_route=%2Fwp%2Fv2%2Fmedia&parent=368"}],"curies":[{"name":"wp","href":"https:\/\/api.w.org\/{rel}","templated":true}]}}